{"id":21,"date":"2023-03-30T19:50:01","date_gmt":"2023-03-30T16:50:01","guid":{"rendered":"https:\/\/falconyachts.com.tr\/tr\/?page_id=21"},"modified":"2023-03-30T19:50:15","modified_gmt":"2023-03-30T16:50:15","slug":"gizlilik-politikasi","status":"publish","type":"page","link":"https:\/\/falconyachts.com.tr\/tr\/gizlilik-politikasi\/","title":{"rendered":"Gizlilik Politikas\u0131"},"content":{"rendered":"\n<h2 class=\"wp-block-heading\"><strong>Gizlilik Politikas\u0131<\/strong><\/h2>\n\n\n\n<p>Falcon Yachts Anonim \u015eirketi, ki\u015fisel verilerinizin gizlili\u011fini korumaya ve y\u00fcr\u00fcrl\u00fckteki veri koruma mevzuat\u0131na uymaya b\u00fcy\u00fck \u00f6zen g\u00f6stermektedir. Websitemizde yer alan \u201c\u0130leti\u015fim\u201d b\u00f6l\u00fcm\u00fc \u00fczerinden bizimle ileti\u015fime ge\u00e7meniz durumunda ise ki\u015fisel verilerinizi bize g\u00f6n\u00fcll\u00fc olarak iletmi\u015f olursunuz.<\/p>\n\n\n\n<p>Bu Gizlilik Politikas\u0131 ve Veri Kullan\u0131m Bildirisi (\u201cBildiri\u201d), siteyi ziyaret etti\u011finizde sizinle ilgili bilgileri nas\u0131l i\u015fledi\u011fimizi yani; ne \u015fekilde toplad\u0131\u011f\u0131m\u0131z\u0131, saklad\u0131\u011f\u0131m\u0131z\u0131, kulland\u0131\u011f\u0131m\u0131z\u0131 ve muhafaza etti\u011fimizi anlatmaktad\u0131r. Kararlar\u0131n\u0131z\u0131 bilin\u00e7li bir \u015fekilde vermenize yard\u0131mc\u0131 olmak isteriz, bu nedenle birka\u00e7 dakikan\u0131z\u0131 ay\u0131r\u0131p a\u015fa\u011f\u0131daki bilgileri okuman\u0131z\u0131 ve ki\u015fisel bilgilerinizi hangi ama\u00e7larla kullanabilece\u011fimiz konusunda bilgi edinmenizi rica ederiz.<\/p>\n\n\n\n<p>Bu Bildiriyi, Site ile ilgili Kullan\u0131m Ko\u015fullar\u0131 ile birlikte okuman\u0131z\u0131 tavsiye ediyoruz. Ki\u015fisel verilerinizi nas\u0131l i\u015fledi\u011fimiz hakk\u0131nda daha detayl\u0131 bilgiye sitemizde yer alan Ki\u015fisel Verilerin Korunmas\u0131 Politikas\u0131\u2019ndan ula\u015fabilirsiniz.<\/p>\n\n\n\n<div style=\"height:30px\" aria-hidden=\"true\" class=\"wp-block-spacer\"><\/div>\n\n\n\n<h2 class=\"wp-block-heading\"><strong>Kabul<\/strong><\/h2>\n\n\n\n<p>Bu siteyi ziyaret etmekle, Bildiri\u2019yi kabul etmi\u015f bulunmaktas\u0131n\u0131z. Bu Bildiri de belirtilenleri kabul etmiyorsan\u0131z, bu siteyi ziyaret etmemenizi ve sunulan hizmetleri kullanmaman\u0131z\u0131 rica ederiz. Bu Bildiri\u2019nin \u015fartlar\u0131nda yap\u0131lan de\u011fi\u015fikliklerin ilan edilmesinden Falcon Yachts Anonim \u015eirketi&#8217;ne ait siteyi kullanmaya devam etmeniz, bu \u015fartlar\u0131 kabul etti\u011finiz anlam\u0131na gelecektir.<\/p>\n\n\n\n<p>Ki\u015fisel verileriniz, \u015eirketimiz taraf\u0131ndan ki\u015fisel veri sahiplerine a\u00e7\u0131k\u00e7a ve anla\u015f\u0131labilir bir \u015fekilde yaz\u0131l\u0131 bilgilendirmede bulunularak, gerekmesi halinde a\u00e7\u0131k r\u0131zalar\u0131 al\u0131narak, hukuka ve d\u00fcr\u00fcstl\u00fck kurallar\u0131na uygun, \u00f6l\u00e7\u00fcl\u00fcl\u00fck prensibi \u00e7er\u00e7evesinde toplanmakta, kullan\u0131lmakta, kaydedilmekte, depolanmakta ve i\u015flenmektedir.<\/p>\n\n\n\n<div style=\"height:30px\" aria-hidden=\"true\" class=\"wp-block-spacer\"><\/div>\n\n\n\n<h2 class=\"wp-block-heading\"><strong>Toplanan Ki\u015fisel Bilgiler Hakk\u0131nda<\/strong><\/h2>\n\n\n\n<p><strong>Ne t\u00fcr bilgiler toplanmaktad\u0131r?<\/strong><br>\u2022 Anonim Bilgiler \u2013 Anonim Bilgiler, do\u011frudan do\u011fruya kimli\u011fin te\u015fhis edilmesine yol a\u00e7an ki\u015fisel bilgilerle birle\u015ftirilemez. Bu bilgiler, sitemizi geli\u015ftirmek i\u00e7in kullan\u0131lmakta ve kaynaklar\u0131m\u0131z\u0131 m\u00fc\u015fterilerimizin en \u00e7ok be\u011fendi\u011fi \u00f6zelliklere y\u00f6neltmemizi sa\u011flamaktad\u0131r.<\/p>\n\n\n\n<p>\u2022 \u0130nternet eri\u015fimine ili\u015fkin bilgiler: IP adresi, taray\u0131c\u0131 t\u00fcr\u00fc, alan ad\u0131 ve siteye eri\u015fim s\u00fcreniz ile ilgili bilgiler toplayabiliriz. Bu bilgiler, \u015firket i\u00e7i ara\u015ft\u0131rma ama\u00e7lar\u0131m\u0131za y\u00f6nelik olarak kullan\u0131lmakta olup, bu site \u00fczerinden g\u00f6nderebilece\u011finiz ve kimli\u011finizin te\u015fhis edilmesine yol a\u00e7acak bilgilerden farkl\u0131d\u0131r. IP adresleri ki\u015fisel bilgilerle e\u015fle\u015ftirilmemektedir. IP adresleri, \u00e7ok nadir de olsa, web sitesi \u00fczerinden ger\u00e7ekle\u015ftirilebilecek k\u00f6t\u00fc niyet i\u00e7eren ve cezai fiillerin cayd\u0131r\u0131lmas\u0131 ve\/veya \u00f6nlenmesinde kullan\u0131labilir.<\/p>\n\n\n\n<p>\u2022 Kimli\u011finizin Te\u015fhis Edilmesine Yol A\u00e7an Ki\u015fisel Bilgiler sitemizde yer alan a\u015fa\u011f\u0131daki formlar arac\u0131l\u0131\u011f\u0131yla, Kimli\u011finizin Te\u015fhis Edilmesine Yol A\u00e7an Ki\u015fisel Bilgiler (ad, soyad, e-mail adresi, g\u00f6r\u00fc\u015f ve \u00f6neriler vb.) toplanmaktad\u0131r<\/p>\n\n\n\n<p>&#8220;Bizimle \u0130leti\u015fime Ge\u00e7in&#8221; Formu \u2013 Bu formla edinilen bilgiler, firmam\u0131z taraf\u0131ndan saklanmamakta ve sadece m\u00fc\u015fterilerin sorular\u0131na ve\/veya hizmet taleplerine cevap vermek amac\u0131yla kullan\u0131lmaktad\u0131r.<\/p>\n\n\n\n<div style=\"height:30px\" aria-hidden=\"true\" class=\"wp-block-spacer\"><\/div>\n\n\n\n<p><strong>Bilgilerim ne kadar g\u00fcvenli bir \u015fekilde saklanacak?<\/strong><\/p>\n\n\n\n<p>M\u00fc\u015fterilerimizle ilgili bilgilerin g\u00fcvenli\u011fi bizler i\u00e7in \u00e7ok \u00f6nemlidir ve ilgili Mevzuat\u0131n \u00f6ng\u00f6rd\u00fc\u011f\u00fc \u015fartlara uygun olarak, m\u00fcmk\u00fcn olan en g\u00fcvenli \u015fekilde saklanacakt\u0131r. Bu nedenle, Falcon Yatchs, bilgilerinizin bilgisayar\u0131m\u0131zdan sunucular\u0131m\u0131za g\u00fcvenli bir \u015fekilde iletilmesi konusunda son derece titiz davranmaktad\u0131r. Buna y\u00f6nelik g\u00f6nderdi\u011finiz bilgiyi ald\u0131ktan sonra, bilgilerinizin gizlili\u011fini korumak \u00fczere g\u00fcvenlik duvar\u0131 ve G\u00fcvenli Soket Katman\u0131 (&#8220;SSL&#8221;) gibi sekt\u00f6re \u00f6zg\u00fc standartlar kullan\u0131lmaktad\u0131r.<\/p>\n\n\n\n<p>Ancak maalesef teknolojik geli\u015fmeler neticesinde, internet \u00fczerindeki hi\u00e7bir verinin %100 g\u00fcvenlik i\u00e7erisinde iletilebilece\u011fine ve asla bir veri a\u00e7\u0131\u011f\u0131 olmayacak \u015fekilde saklanaca\u011f\u0131na dair bir taahh\u00fctte bulunmak m\u00fcmk\u00fcn de\u011fildir. Bu konuda verebilece\u011fimiz tek taahh\u00fct, \u00e7a\u011f\u0131n teknolojik gerekliliklerine uygun ve ilgili Mevzuat gerekliliklerini yerine getirecek d\u00fczeyde g\u00fcvenlikli bir ortamda verilerinizin saklanmas\u0131 i\u00e7in gerekli her t\u00fcrl\u00fc \u00e7abay\u0131 g\u00f6sterece\u011fimizdir. M\u00fccbir sebep ya da kontrol\u00fcm\u00fcz d\u0131\u015f\u0131nda geli\u015fen olaylar neticesinde s\u00f6z konusu olabilecek veri ihlallerinden sorumlulu\u011fumuz bulunmayacakt\u0131r.<\/p>\n\n\n\n<div style=\"height:30px\" aria-hidden=\"true\" class=\"wp-block-spacer\"><\/div>\n\n\n\n<p><strong>Bu bilgileri kimler ne ama\u00e7la kullanacak?<\/strong><\/p>\n\n\n\n<p>Genel kural olarak, ki\u015fisel bilgileriniz yaln\u0131zca Falcon Yachts Anonim \u015eirketi taraf\u0131ndan kullan\u0131lacak olup, bu Ki\u015fisel Bilgilerle sizin aran\u0131zda herhangi bir ba\u011flant\u0131 kurulabilecek \u015fekilde 3.ki\u015filere asla a\u00e7\u0131klamayacakt\u0131r; ancak izninizin a\u00e7\u0131k bir \u015fekilde al\u0131nm\u0131\u015f oldu\u011fu haller ya da, iyi niyet \u00e7er\u00e7evesinde, ba\u015fta 6698 say\u0131l\u0131 Ki\u015fisel Verilerin Korunmas\u0131 Kanunu ve sair mevzuat olmak \u00fczere di\u011fer ilgili mevzuat\u0131n izin verdi\u011fi durumlar bu kural\u0131n d\u0131\u015f\u0131nda tutulmaktad\u0131r.<\/p>\n\n\n\n<p>Bizimle payla\u015fm\u0131\u015f oldu\u011funuz ki\u015fisel verileriniz, taraf\u0131n\u0131za \u00e7e\u015fitli avantajlar\u0131n sa\u011flan\u0131p sunulabilmesi ve size \u00f6zel tan\u0131t\u0131m, promosyon, reklam, sat\u0131\u015f, pazarlama, anket ve benzer ama\u00e7l\u0131 her t\u00fcrl\u00fc elektronik ileti\u015fimin telefon, k\u0131sa mesaj (SMS), e-posta ve benzeri yollarla yap\u0131lmas\u0131 ve di\u011fer ileti\u015fim mesajlar\u0131n\u0131n g\u00f6nderilmesi amac\u0131yla; Falcon Yachts Anonim \u015eirketi taraf\u0131ndan i\u015flenerek, kullan\u0131labilecek ve yukar\u0131da say\u0131lan \u015firketlerin i\u015fbirli\u011fi amac\u0131yla s\u00f6zle\u015fme ili\u015fkisi i\u00e7erisinde oldu\u011fu, veri i\u015fleyen s\u0131fat\u0131n\u0131 haiz 3. Ki\u015filerle payla\u015f\u0131labilecektir.<\/p>\n\n\n\n<p>Ki\u015fisel verileriniz, KVKK m. 5\/2 alt\u0131nda yer alan a\u015fa\u011f\u0131daki hukuki sebepler \u00e7er\u00e7evesinde i\u015flenmekte ve yukar\u0131da yer alan ki\u015fi ve kurumlarla payla\u015f\u0131lmaktad\u0131r:<\/p>\n\n\n\n<ol class=\"wp-block-list\">\n<li>Bir s\u00f6zle\u015fmenin kurulmas\u0131 veya ifas\u0131yla do\u011frudan do\u011fruya ilgili olmas\u0131 kayd\u0131yla, s\u00f6zle\u015fmenin taraflar\u0131na ait ki\u015fisel verilerin i\u015flenmesinin gerekli olmas\u0131.<\/li>\n\n\n\n<li>\u0130lgili ki\u015finin kendisi taraf\u0131ndan alenile\u015ftirilmi\u015f olmas\u0131.<\/li>\n\n\n\n<li>\u0130lgili ki\u015finin temel hak ve \u00f6zg\u00fcrl\u00fcklerine zarar vermemek kayd\u0131yla, veri sorumlusunun me\u015fru menfaatleri i\u00e7in veri i\u015flenmesinin zorunlu olmas\u0131.<\/li>\n<\/ol>\n","protected":false},"excerpt":{"rendered":"<p>Gizlilik Politikas\u0131 Falcon Yachts Anonim \u015eirketi, ki\u015fisel verilerinizin gizlili\u011fini korumaya ve y\u00fcr\u00fcrl\u00fckteki veri koruma mevzuat\u0131na uymaya b\u00fcy\u00fck \u00f6zen g\u00f6stermektedir. Websitemizde yer alan \u201c\u0130leti\u015fim\u201d b\u00f6l\u00fcm\u00fc \u00fczerinden bizimle ileti\u015fime ge\u00e7meniz durumunda ise ki\u015fisel verilerinizi bize g\u00f6n\u00fcll\u00fc olarak iletmi\u015f olursunuz. Bu Gizlilik Politikas\u0131 ve Veri Kullan\u0131m Bildirisi (\u201cBildiri\u201d), siteyi ziyaret etti\u011finizde sizinle ilgili bilgileri nas\u0131l i\u015fledi\u011fimizi yani; ne [&hellip;]<\/p>\n","protected":false},"author":1,"featured_media":0,"parent":0,"menu_order":0,"comment_status":"closed","ping_status":"closed","template":"","meta":{"rank_math_lock_modified_date":false,"inline_featured_image":false,"footnotes":""},"class_list":["post-21","page","type-page","status-publish","hentry"],"_links":{"self":[{"href":"https:\/\/falconyachts.com.tr\/tr\/wp-json\/wp\/v2\/pages\/21"}],"collection":[{"href":"https:\/\/falconyachts.com.tr\/tr\/wp-json\/wp\/v2\/pages"}],"about":[{"href":"https:\/\/falconyachts.com.tr\/tr\/wp-json\/wp\/v2\/types\/page"}],"author":[{"embeddable":true,"href":"https:\/\/falconyachts.com.tr\/tr\/wp-json\/wp\/v2\/users\/1"}],"replies":[{"embeddable":true,"href":"https:\/\/falconyachts.com.tr\/tr\/wp-json\/wp\/v2\/comments?post=21"}],"version-history":[{"count":2,"href":"https:\/\/falconyachts.com.tr\/tr\/wp-json\/wp\/v2\/pages\/21\/revisions"}],"predecessor-version":[{"id":23,"href":"https:\/\/falconyachts.com.tr\/tr\/wp-json\/wp\/v2\/pages\/21\/revisions\/23"}],"wp:attachment":[{"href":"https:\/\/falconyachts.com.tr\/tr\/wp-json\/wp\/v2\/media?parent=21"}],"curies":[{"name":"wp","href":"https:\/\/api.w.org\/{rel}","templated":true}]}}