{"id":24,"date":"2023-03-30T19:50:50","date_gmt":"2023-03-30T16:50:50","guid":{"rendered":"https:\/\/falconyachts.com.tr\/tr\/?page_id=24"},"modified":"2023-03-30T19:50:51","modified_gmt":"2023-03-30T16:50:51","slug":"sartlar-ve-kosullar","status":"publish","type":"page","link":"https:\/\/falconyachts.com.tr\/tr\/sartlar-ve-kosullar\/","title":{"rendered":"\u015eartlar ve ko\u015fullar"},"content":{"rendered":"\n<h2 class=\"wp-block-heading\"><strong>Site Kullan\u0131m \u015eartlar\u0131<\/strong><\/h2>\n\n\n\n<p>Sitemizdeki web sayfalar\u0131 ve ona ba\u011fl\u0131 t\u00fcm sayfalar (\u2018site\u2019) adresindeki Falcon Yatch firmas\u0131n\u0131n (Firma) mal\u0131d\u0131r ve onun taraf\u0131ndan i\u015fletilir. Sizler (\u2018Kullan\u0131c\u0131\u2019) sitede sunulan t\u00fcm hizmetleri kullan\u0131rken a\u015fa\u011f\u0131daki \u015fartlara tabi oldu\u011funuzu, sitedeki hizmetten yararlanmakla ve kullanmaya devam etmekle; Ba\u011fl\u0131 oldu\u011funuz yasalara g\u00f6re s\u00f6zle\u015fme imzalama hakk\u0131na, yetkisine ve hukuki ehliyetine sahip ve 18 ya\u015f\u0131n \u00fczerinde oldu\u011funuzu, bu s\u00f6zle\u015fmeyi okudu\u011funuzu, anlad\u0131\u011f\u0131n\u0131z\u0131 ve s\u00f6zle\u015fmede yazan \u015fartlarla ba\u011fl\u0131 oldu\u011funuzu kabul etmi\u015f say\u0131l\u0131rs\u0131n\u0131z.&nbsp;<\/p>\n\n\n\n<div style=\"height:30px\" aria-hidden=\"true\" class=\"wp-block-spacer\"><\/div>\n\n\n\n<h2 class=\"wp-block-heading\"><strong>Sorumluluklar<\/strong><\/h2>\n\n\n\n<p>a. Firma, fiyatlar ve sunulan \u00fcr\u00fcn ve hizmetler \u00fczerinde de\u011fi\u015fiklik yapma hakk\u0131n\u0131 her zaman sakl\u0131 tutar.&nbsp;<\/p>\n\n\n\n<p>b. Firma, \u00fcyenin s\u00f6zle\u015fme konusu hizmetlerden, teknik ar\u0131zalar d\u0131\u015f\u0131nda yararland\u0131r\u0131laca\u011f\u0131n\u0131 kabul ve taahh\u00fct eder.<\/p>\n\n\n\n<p>c. Kullan\u0131c\u0131, sitenin kullan\u0131m\u0131nda tersine m\u00fchendislik yapmayaca\u011f\u0131n\u0131 ya da bunlar\u0131n kaynak kodunu bulmak veya elde etmek amac\u0131na y\u00f6nelik herhangi bir ba\u015fka i\u015flemde bulunmayaca\u011f\u0131n\u0131 aksi halde ve 3. Ki\u015filer nezdinde do\u011facak zararlardan sorumlu olaca\u011f\u0131n\u0131, hakk\u0131nda hukuki ve cezai i\u015flem yap\u0131laca\u011f\u0131n\u0131 pe\u015finen kabul eder.&nbsp;<\/p>\n\n\n\n<p>d. Kullan\u0131c\u0131, site i\u00e7indeki faaliyetlerinde, sitenin herhangi bir b\u00f6l\u00fcm\u00fcnde veya ileti\u015fimlerinde genel ahlaka ve adaba ayk\u0131r\u0131, kanuna ayk\u0131r\u0131, 3. ki\u015filerin haklar\u0131n\u0131 zedeleyen, yan\u0131lt\u0131c\u0131, sald\u0131rgan, m\u00fcstehcen, pornografik, ki\u015filik haklar\u0131n\u0131 zedeleyen, telif haklar\u0131na ayk\u0131r\u0131, yasa d\u0131\u015f\u0131 faaliyetleri te\u015fvik eden i\u00e7erikler \u00fcretmeyece\u011fini, payla\u015fmayaca\u011f\u0131n\u0131 kabul eder. Aksi halde olu\u015facak zarardan tamamen kendisi sorumludur ve bu durumda \u2018Falcon Yatch yetkilileri, bu t\u00fcr hesaplar\u0131 ask\u0131ya alabilir, sona erdirebilir, yasal s\u00fcre\u00e7 ba\u015flatma hakk\u0131n\u0131 sakl\u0131 tutar. Bu sebeple yarg\u0131 mercilerinden etkinlik veya kullan\u0131c\u0131 hesaplar\u0131 ile ilgili bilgi talepleri gelirse payla\u015fma hakk\u0131n\u0131 sakl\u0131 tutar.<\/p>\n\n\n\n<p>e. Sitenin \u00fcyelerinin birbirleri veya \u00fc\u00e7\u00fcnc\u00fc \u015fah\u0131slarla olan ili\u015fkileri kendi sorumlulu\u011fundad\u0131r.&nbsp;<\/p>\n\n\n\n<p><strong>2.<\/strong>&nbsp; Fikri M\u00fclkiyet Haklar\u0131<\/p>\n\n\n\n<p><strong>2.1<\/strong>. Falcon Yatch\u2019da yer alan \u00fcnvan, i\u015fletme ad\u0131, marka, patent, logo, tasar\u0131m, bilgi ve y\u00f6ntem gibi tescilli veya tescilsiz t\u00fcm fikri m\u00fclkiyet haklar\u0131 site i\u015fleteni ve sahibi firmaya veya belirtilen ilgilisine ait olup, ulusal ve uluslararas\u0131 hukukun korumas\u0131 alt\u0131ndad\u0131r.<\/p>\n\n\n\n<p><strong>2.2.<\/strong> Falcon Yatch\u2019da yer alan bilgiler hi\u00e7bir \u015fekilde \u00e7o\u011falt\u0131lamaz, yay\u0131nlanamaz, kopyalanamaz, sunulamaz ve\/veya aktar\u0131lamaz Falcon Yatch&#8217;\u0131n b\u00fct\u00fcn\u00fc veya bir k\u0131sm\u0131 di\u011fer bir internet sitesinde izinsiz olarak kullan\u0131lamaz.&nbsp;<\/p>\n\n\n\n<div style=\"height:30px\" aria-hidden=\"true\" class=\"wp-block-spacer\"><\/div>\n\n\n\n<h2 class=\"wp-block-heading\"><strong>Gizli Bilgi<\/strong><\/h2>\n\n\n\n<p><strong>3.1.<\/strong> Firma, Falcon Yatch \u00fczerinden kullan\u0131c\u0131lar\u0131n iletti\u011fi ki\u015fisel bilgileri 3. ki\u015filere a\u00e7\u0131klamayacakt\u0131r. Bu ki\u015fisel bilgiler; ki\u015fi ad\u0131-soyad\u0131, adresi, telefon numaras\u0131, cep telefonu, e-posta adresi gibi Kullan\u0131c\u0131\u2019y\u0131 tan\u0131mlamaya y\u00f6nelik her t\u00fcrl\u00fc di\u011fer bilgiyi i\u00e7ermekte olup, k\u0131saca \u2018Gizli Bilgiler\u2019 olarak an\u0131lacakt\u0131r.<\/p>\n\n\n\n<p><strong>3.2.<\/strong> Kullan\u0131c\u0131, sadece tan\u0131t\u0131m, reklam, kampanya, promosyon, duyuru vb. pazarlama faaliyetleri kapsam\u0131nda kullan\u0131lmas\u0131 ile s\u0131n\u0131rl\u0131 olmak \u00fczere, Site\u2019nin sahibi (falconyatch.com) olan firman\u0131n kendisine ait ileti\u015fim, portf\u00f6y durumu ve demografik bilgilerini i\u015ftirakleri ya da ba\u011fl\u0131 bulundu\u011fu grup \u015firketleri ile payla\u015fmas\u0131na muvafakat etti\u011fini kabul ve beyan eder. Bu ki\u015fisel bilgiler firma b\u00fcnyesinde m\u00fc\u015fteri profili belirlemek, m\u00fc\u015fteri profiline uygun promosyon ve kampanyalar sunmak ve istatistiksel \u00e7al\u0131\u015fmalar yapmak amac\u0131yla kullan\u0131labilecektir.<\/p>\n\n\n\n<p><strong>3.3. <\/strong>Gizli Bilgiler, ancak resmi makamlarca usul\u00fc dairesinde bu bilgilerin talep edilmesi halinde ve y\u00fcr\u00fcrl\u00fckteki emredici mevzuat h\u00fck\u00fcmleri gere\u011fince resmi makamlara a\u00e7\u0131klama yap\u0131lmas\u0131n\u0131n zorunlu oldu\u011fu durumlarda resmi makamlara a\u00e7\u0131klanabilecektir.<\/p>\n\n\n\n<div style=\"height:30px\" aria-hidden=\"true\" class=\"wp-block-spacer\"><\/div>\n\n\n\n<h2 class=\"wp-block-heading\"><strong>Kay\u0131t ve G\u00fcvenlik<\/strong>&nbsp;<\/h2>\n\n\n\n<p>Kullan\u0131c\u0131, do\u011fru, eksiksiz ve g\u00fcncel kay\u0131t bilgilerini vermek zorundad\u0131r. Aksi halde bu S\u00f6zle\u015fme ihlal edilmi\u015f say\u0131lacak ve Kullan\u0131c\u0131 bilgilendirilmeksizin hesap kapat\u0131labilecektir.<\/p>\n\n\n\n<p>Kullan\u0131c\u0131, site ve \u00fc\u00e7\u00fcnc\u00fc taraf sitelerdeki \u015fifre ve hesap g\u00fcvenli\u011finden kendisi sorumludur. Aksi halde olu\u015facak veri kay\u0131plar\u0131ndan ve g\u00fcvenlik ihlallerinden veya donan\u0131m ve cihazlar\u0131n zarar g\u00f6rmesinden Firma sorumlu tutulamaz.<\/p>\n\n\n\n<div style=\"height:30px\" aria-hidden=\"true\" class=\"wp-block-spacer\"><\/div>\n\n\n\n<h2 class=\"wp-block-heading\"><strong>M\u00fccbir Sebep<\/strong><\/h2>\n\n\n\n<p>Taraflar\u0131n kontrol\u00fcnde olmayan; tabii afetler, yang\u0131n, patlamalar, i\u00e7 sava\u015flar, sava\u015flar, ayaklanmalar, halk hareketleri, seferberlik ilan\u0131, grev, lokavt ve salg\u0131n hastal\u0131klar, altyap\u0131 ve internet ar\u0131zalar\u0131, elektrik kesintisi gibi sebeplerden (a\u015fa\u011f\u0131da birlikte &#8220;M\u00fccbir Sebep\u201d olarak an\u0131lacakt\u0131r.) dolay\u0131 s\u00f6zle\u015fmeden do\u011fan y\u00fck\u00fcml\u00fcl\u00fckler taraflarca ifa edilemez hale gelirse, taraflar bundan sorumlu de\u011fildir. <\/p>\n\n\n\n<div style=\"height:30px\" aria-hidden=\"true\" class=\"wp-block-spacer\"><\/div>\n\n\n\n<h2 class=\"wp-block-heading\"><strong>S\u00f6zle\u015fmede Yap\u0131lan De\u011fi\u015fiklikler<\/strong><\/h2>\n\n\n\n<p>Firma, diledi\u011fi zaman sitede sunulan hizmetleri ve s\u00f6zle\u015fme \u015fartlar\u0131n\u0131 k\u0131smen veya tamamen de\u011fi\u015ftirebilir. De\u011fi\u015fiklikler sitede yay\u0131nland\u0131\u011f\u0131 tarihten itibaren ge\u00e7erli olacakt\u0131r. De\u011fi\u015fiklikleri takip etmek Kullan\u0131c\u0131\u2019n\u0131n sorumlulu\u011fundad\u0131r. Kullan\u0131c\u0131, sunulan hizmetlerden yararlanmaya devam etmekle bu de\u011fi\u015fiklikleri de kabul etmi\u015f say\u0131l\u0131r.<\/p>\n","protected":false},"excerpt":{"rendered":"<p>Site Kullan\u0131m \u015eartlar\u0131 Sitemizdeki web sayfalar\u0131 ve ona ba\u011fl\u0131 t\u00fcm sayfalar (\u2018site\u2019) adresindeki Falcon Yatch firmas\u0131n\u0131n (Firma) mal\u0131d\u0131r ve onun taraf\u0131ndan i\u015fletilir. Sizler (\u2018Kullan\u0131c\u0131\u2019) sitede sunulan t\u00fcm hizmetleri kullan\u0131rken a\u015fa\u011f\u0131daki \u015fartlara tabi oldu\u011funuzu, sitedeki hizmetten yararlanmakla ve kullanmaya devam etmekle; Ba\u011fl\u0131 oldu\u011funuz yasalara g\u00f6re s\u00f6zle\u015fme imzalama hakk\u0131na, yetkisine ve hukuki ehliyetine sahip ve 18 ya\u015f\u0131n [&hellip;]<\/p>\n","protected":false},"author":1,"featured_media":0,"parent":0,"menu_order":0,"comment_status":"closed","ping_status":"closed","template":"","meta":{"rank_math_lock_modified_date":false,"inline_featured_image":false,"footnotes":""},"class_list":["post-24","page","type-page","status-publish","hentry"],"_links":{"self":[{"href":"https:\/\/falconyachts.com.tr\/tr\/wp-json\/wp\/v2\/pages\/24"}],"collection":[{"href":"https:\/\/falconyachts.com.tr\/tr\/wp-json\/wp\/v2\/pages"}],"about":[{"href":"https:\/\/falconyachts.com.tr\/tr\/wp-json\/wp\/v2\/types\/page"}],"author":[{"embeddable":true,"href":"https:\/\/falconyachts.com.tr\/tr\/wp-json\/wp\/v2\/users\/1"}],"replies":[{"embeddable":true,"href":"https:\/\/falconyachts.com.tr\/tr\/wp-json\/wp\/v2\/comments?post=24"}],"version-history":[{"count":1,"href":"https:\/\/falconyachts.com.tr\/tr\/wp-json\/wp\/v2\/pages\/24\/revisions"}],"predecessor-version":[{"id":25,"href":"https:\/\/falconyachts.com.tr\/tr\/wp-json\/wp\/v2\/pages\/24\/revisions\/25"}],"wp:attachment":[{"href":"https:\/\/falconyachts.com.tr\/tr\/wp-json\/wp\/v2\/media?parent=24"}],"curies":[{"name":"wp","href":"https:\/\/api.w.org\/{rel}","templated":true}]}}